{"id":240102,"date":"2023-10-28T13:18:24","date_gmt":"2023-10-28T13:18:24","guid":{"rendered":"https:\/\/usw.universoftware.com\/?page_id=240102"},"modified":"2023-11-02T05:41:34","modified_gmt":"2023-11-02T05:41:34","slug":"inicio","status":"publish","type":"page","link":"https:\/\/usw.universoftware.com\/","title":{"rendered":"inicio"},"content":{"rendered":"<p>[et_pb_section fb_built=&#8221;1&#8243; fullwidth=&#8221;on&#8221; _builder_version=&#8221;4.22.2&#8243; _module_preset=&#8221;default&#8221; background_image=&#8221;https:\/\/usw.universoftware.com\/wp-content\/uploads\/2023\/10\/programming-background-with-person-working-with-codes-computer-scaled.jpg&#8221; parallax=&#8221;on&#8221; global_colors_info=&#8221;{}&#8221;][et_pb_fullwidth_header title=&#8221;UniverSoftWare&#8221; background_overlay_color=&#8221;RGBA(255,255,255,0)&#8221; _builder_version=&#8221;4.22.2&#8243; _module_preset=&#8221;default&#8221; title_font=&#8221;Bahnschrift|||||on|||&#8221; title_text_align=&#8221;center&#8221; title_font_size=&#8221;72px&#8221; content_font=&#8221;Titillium-Italic|||||on|||&#8221; content_text_align=&#8221;center&#8221; content_font_size=&#8221;36px&#8221; background_color=&#8221;RGBA(255,255,255,0)&#8221; use_background_color_gradient=&#8221;on&#8221; background_color_gradient_direction=&#8221;45deg&#8221; background_color_gradient_stops=&#8221;rgba(65,67,69,0.8) 0%|rgba(65,67,69,0.8) 100%&#8221; custom_button_one=&#8221;on&#8221; button_one_bg_color=&#8221;RGBA(255,255,255,0)&#8221; button_one_border_width=&#8221;0px&#8221; button_one_border_color=&#8221;RGBA(255,255,255,0)&#8221; button_one_font=&#8221;Bahnschrift|||||on|||&#8221; button_one_use_icon=&#8221;off&#8221; module_alignment=&#8221;center&#8221; custom_margin=&#8221;||||false|false&#8221; custom_padding=&#8221;10vw||10vw||false|false&#8221; hover_enabled=&#8221;0&#8243; title_font_size_tablet=&#8221;50px&#8221; title_font_size_phone=&#8221;40px&#8221; title_font_size_last_edited=&#8221;on|desktop&#8221; custom_css_main_element=&#8221;display: flex;||justify-content: center;||align-items: center;&#8221; custom_css_title=&#8221;padding-bottom: 30px&#8221; custom_css_content=&#8221;padding-bottom: 30px&#8221; custom_css_subtitle=&#8221;padding-bottom: 30px&#8221; global_colors_info=&#8221;{}&#8221; button_one_border_color__hover_enabled=&#8221;on|hover&#8221; button_one_border_color__hover=&#8221;RGBA(255,255,255,0)&#8221; height_last_edited=&#8221;on|tablet&#8221; sticky_enabled=&#8221;0&#8243; height_phone=&#8221;75vh&#8221; content_line_height_last_edited=&#8221;on|phone&#8221; content_line_height_phone=&#8221;1.2em&#8221; content_font_size_last_edited=&#8221;on|phone&#8221; content_font_size_phone=&#8221;30px&#8221; content_font_size_tablet=&#8221;30px&#8221;]<\/p>\n<p>Servicios de IT gestionados en los que puede confiar&#8230;<\/p>\n<p>[\/et_pb_fullwidth_header][\/et_pb_section][et_pb_section fb_built=&#8221;1&#8243; _builder_version=&#8221;4.22.2&#8243; _module_preset=&#8221;default&#8221; background_color=&#8221;#28282B&#8221; width=&#8221;100vw&#8221; custom_margin=&#8221;0px|0px|0px|0px|false|false&#8221; custom_padding=&#8221;0px|0px|0px|0px|false|false&#8221; global_colors_info=&#8221;{}&#8221;][et_pb_row column_structure=&#8221;1_3,1_3,1_3&#8243; use_custom_gutter=&#8221;on&#8221; gutter_width=&#8221;1&#8243; make_equal=&#8221;on&#8221; _builder_version=&#8221;4.22.2&#8243; _module_preset=&#8221;default&#8221; width=&#8221;100%&#8221; max_width=&#8221;none&#8221; custom_padding=&#8221;|0px||0px|false|false&#8221; hover_enabled=&#8221;0&#8243; global_colors_info=&#8221;{}&#8221; sticky_enabled=&#8221;0&#8243;][et_pb_column type=&#8221;1_3&#8243; _builder_version=&#8221;4.22.2&#8243; _module_preset=&#8221;default&#8221; hover_enabled=&#8221;0&#8243; custom_css_main_element=&#8221;width: 50% !important;&#8221; border_color_all=&#8221;RGBA(255,255,255,0)&#8221; global_colors_info=&#8221;{}&#8221; custom_css_main_element_last_edited=&#8221;on|phone&#8221; custom_css_main_element_phone=&#8221;width: 0 !important&#8221; sticky_enabled=&#8221;0&#8243; custom_css_main_element_tablet=&#8221;width: 50% !important;&#8221;][et_pb_blurb title=&#8221;Contacte con nosotros&#8221; content_max_width=&#8221;100%&#8221; _builder_version=&#8221;4.22.2&#8243; _module_preset=&#8221;default&#8221; header_font=&#8221;Bahnschrift|600||||on|||&#8221; header_text_align=&#8221;right&#8221; header_text_color=&#8221;#F3F3F3&#8243; header_font_size=&#8221;24px&#8221; header_letter_spacing=&#8221;2px&#8221; use_background_color_gradient=&#8221;on&#8221; background_color_gradient_direction=&#8221;120deg&#8221; background_color_gradient_stops=&#8221;#e8be29 0%|#c20114 100%&#8221; width=&#8221;100%&#8221; module_alignment=&#8221;right&#8221; custom_margin=&#8221;-70px||||false|false&#8221; custom_padding=&#8221;20px|50px|20px||true|false&#8221; hover_enabled=&#8221;0&#8243; header_text_shadow_style=&#8221;preset1&#8243; border_radii=&#8221;off||50px|50px|&#8221; border_color_all=&#8221;RGBA(255,255,255,0)&#8221; global_colors_info=&#8221;{}&#8221; disabled_on=&#8221;on|on|off&#8221; sticky_enabled=&#8221;0&#8243;][\/et_pb_blurb][\/et_pb_column][et_pb_column type=&#8221;1_3&#8243; _builder_version=&#8221;4.22.2&#8243; _module_preset=&#8221;default&#8221; border_color_all=&#8221;RGBA(255,255,255,0)&#8221; global_colors_info=&#8221;{}&#8221;][\/et_pb_column][et_pb_column type=&#8221;1_3&#8243; _builder_version=&#8221;4.22.2&#8243; _module_preset=&#8221;default&#8221; hover_enabled=&#8221;0&#8243; border_color_all=&#8221;RGBA(255,255,255,0)&#8221; global_colors_info=&#8221;{}&#8221; sticky_enabled=&#8221;0&#8243;][et_pb_button button_text=&#8221;Saber m\u00e1s&#8221; button_alignment=&#8221;left&#8221; _builder_version=&#8221;4.22.2&#8243; _module_preset=&#8221;default&#8221; custom_button=&#8221;on&#8221; button_text_color=&#8221;#28282B&#8221; button_bg_use_color_gradient=&#8221;on&#8221; button_bg_color_gradient_direction=&#8221;120deg&#8221; button_bg_color_gradient_stops=&#8221;#29c4a9 0%|#2b87da 100%&#8221; button_border_width=&#8221;0px&#8221; button_border_color=&#8221;RGBA(255,255,255,0)&#8221; button_border_radius=&#8221;50px&#8221; button_letter_spacing=&#8221;2px&#8221; button_font=&#8221;Bahnschrift|600||||on|||&#8221; button_use_icon=&#8221;off&#8221; custom_margin=&#8221;-70px||||false|false&#8221; custom_padding=&#8221;20px||20px||true|false&#8221; hover_enabled=&#8221;0&#8243; custom_css_main_element=&#8221;width: 50% !important;||text-align: center !important;&#8221; button_text_shadow_style=&#8221;preset1&#8243; global_colors_info=&#8221;{}&#8221; button_alignment_last_edited=&#8221;on|phone&#8221; button_alignment_tablet=&#8221;center&#8221; sticky_enabled=&#8221;0&#8243; custom_margin_last_edited=&#8221;off|desktop&#8221; custom_margin_tablet=&#8221;-120px||||false|false&#8221; custom_margin_phone=&#8221;-110px||||false|false&#8221; button_alignment_phone=&#8221;center&#8221;][\/et_pb_button][\/et_pb_column][\/et_pb_row][\/et_pb_section][et_pb_section fb_built=&#8221;1&#8243; _builder_version=&#8221;4.22.2&#8243; _module_preset=&#8221;default&#8221; background_color=&#8221;#D6D6D6&#8243; background_enable_image=&#8221;off&#8221; global_colors_info=&#8221;{}&#8221;][et_pb_row column_structure=&#8221;1_3,1_3,1_3&#8243; use_custom_gutter=&#8221;on&#8221; gutter_width=&#8221;2&#8243; make_equal=&#8221;on&#8221; _builder_version=&#8221;4.22.2&#8243; _module_preset=&#8221;default&#8221; hover_enabled=&#8221;0&#8243; global_colors_info=&#8221;{}&#8221; sticky_enabled=&#8221;0&#8243;][et_pb_column type=&#8221;1_3&#8243; _builder_version=&#8221;4.22.2&#8243; _module_preset=&#8221;default&#8221; global_colors_info=&#8221;{}&#8221;][et_pb_blurb title=&#8221;Reparaci\u00f3n y mantenimiento&#8221; image=&#8221;https:\/\/usw.universoftware.com\/wp-content\/uploads\/2023\/10\/Repar.png&#8221; alt=&#8221;mantenimiento y reparaci\u00f3n de ordenadores&#8221; _builder_version=&#8221;4.22.2&#8243; header_font=&#8221;Bahnschrift|600||||on|||&#8221; header_text_align=&#8221;center&#8221; header_text_color=&#8221;#F3F3F3&#8243; header_font_size=&#8221;24px&#8221; header_line_height=&#8221;1.2em&#8221; body_font=&#8221;|||||on|||&#8221; body_font_size=&#8221;16px&#8221; body_line_height=&#8221;1.8em&#8221; background_color=&#8221;RGBA(255,255,255,0)&#8221; use_background_color_gradient=&#8221;on&#8221; background_color_gradient_stops=&#8221;#216a69 0%|#0a1923 99%&#8221; background_layout=&#8221;dark&#8221; custom_padding=&#8221;40px|30px|40px|30px|true|true&#8221; animation_style=&#8221;fold&#8221; animation=&#8221;off&#8221; hover_enabled=&#8221;0&#8243; border_radii=&#8221;on|15px|15px|15px|15px&#8221; locked=&#8221;off&#8221; global_colors_info=&#8221;{}&#8221; title_text=&#8221;mantenimiento-y-reparaci\u00f3n-de-ordenadores&#8221; sticky_enabled=&#8221;0&#8243; header_text_shadow_style=&#8221;preset1&#8243; custom_css_blurb_title=&#8221;margin-bottom: 25px;&#8221; body_text_color=&#8221;#A1A1A2&#8243;]<\/p>\n<p>Montaje de ordenadores a medida<\/p>\n<p>Mantenimiento en general<\/p>\n<p>Optimizaci\u00f3n al usuario<\/p>\n<p>Recuperaci\u00f3n de datos y\/o BackUps<\/p>\n<p>[\/et_pb_blurb][\/et_pb_column][et_pb_column type=&#8221;1_3&#8243; _builder_version=&#8221;4.22.2&#8243; _module_preset=&#8221;default&#8221; global_colors_info=&#8221;{}&#8221;][et_pb_blurb title=&#8221;Programaci\u00f3n&#8221; image=&#8221;https:\/\/usw.universoftware.com\/wp-content\/uploads\/2023\/10\/programacion.png&#8221; alt=&#8221;programaci\u00f3n a medida&#8221; _builder_version=&#8221;4.22.2&#8243; header_font=&#8221;Bahnschrift|600||||on|||&#8221; header_text_align=&#8221;center&#8221; header_text_color=&#8221;#F3F3F3&#8243; header_font_size=&#8221;24px&#8221; header_line_height=&#8221;1.2em&#8221; body_font=&#8221;|||||on|||&#8221; body_font_size=&#8221;16px&#8221; body_line_height=&#8221;1.8em&#8221; background_color=&#8221;RGBA(255,255,255,0)&#8221; use_background_color_gradient=&#8221;on&#8221; background_color_gradient_stops=&#8221;#547a95 0%|#202834 100%&#8221; background_layout=&#8221;dark&#8221; custom_padding=&#8221;40px|30px|40px|30px|true|true&#8221; animation_style=&#8221;fold&#8221; animation=&#8221;off&#8221; hover_enabled=&#8221;0&#8243; border_radii=&#8221;on|15px|15px|15px|15px&#8221; locked=&#8221;off&#8221; global_colors_info=&#8221;{}&#8221; title_text=&#8221;programaci\u00f3n-a-medida&#8221; sticky_enabled=&#8221;0&#8243; header_text_shadow_style=&#8221;preset1&#8243; custom_css_blurb_title=&#8221;margin-bottom: 25px;&#8221; body_text_color=&#8221;#A1A1A2&#8243;]<\/p>\n<p>Web &amp; Mobile app<\/p>\n<p>An\u00e1lisis y estructuraci\u00f3n de app<\/p>\n<p>Creaci\u00f3n de base de datos dedicadas<\/p>\n<p>[\/et_pb_blurb][\/et_pb_column][et_pb_column type=&#8221;1_3&#8243; _builder_version=&#8221;4.22.2&#8243; _module_preset=&#8221;default&#8221; global_colors_info=&#8221;{}&#8221;][et_pb_blurb title=&#8221;Dise\u00f1o p\u00e1ginas web&#8221; image=&#8221;https:\/\/usw.universoftware.com\/wp-content\/uploads\/2023\/10\/WebDesign.png&#8221; alt=&#8221;dise\u00f1o web adaptable y personalizado&#8221; _builder_version=&#8221;4.22.2&#8243; header_font=&#8221;Bahnschrift|600||||on|||&#8221; header_text_align=&#8221;center&#8221; header_text_color=&#8221;#F3F3F3&#8243; header_font_size=&#8221;24px&#8221; header_line_height=&#8221;1.2em&#8221; body_font=&#8221;|||||on|||&#8221; body_font_size=&#8221;16px&#8221; body_line_height=&#8221;1.8em&#8221; background_color=&#8221;RGBA(255,255,255,0)&#8221; use_background_color_gradient=&#8221;on&#8221; background_color_gradient_stops=&#8221;#369584 0%|#153b66 100%&#8221; background_layout=&#8221;dark&#8221; custom_padding=&#8221;40px|30px|40px|30px|true|true&#8221; animation_style=&#8221;fold&#8221; animation=&#8221;off&#8221; hover_enabled=&#8221;0&#8243; border_radii=&#8221;on|15px|15px|15px|15px&#8221; locked=&#8221;off&#8221; global_colors_info=&#8221;{}&#8221; title_text=&#8221;dise\u00f1o-web-adaptable-y-personalizado&#8221; sticky_enabled=&#8221;0&#8243; header_text_shadow_style=&#8221;preset1&#8243; custom_css_blurb_title=&#8221;margin-bottom: 25px;&#8221; body_text_color=&#8221;#A1A1A2&#8243;]<\/p>\n<p>Creaci\u00f3n de p\u00e1ginas web responsivas<\/p>\n<p>Adaptaci\u00f3n y modernizaci\u00f3n de p\u00e1ginas web<\/p>\n<p>Maquetaci\u00f3n y estructuras complejas<\/p>\n<p>Publicidad enlazada a p\u00e1ginas web<\/p>\n<p>[\/et_pb_blurb][\/et_pb_column][\/et_pb_row][et_pb_row column_structure=&#8221;1_3,1_3,1_3&#8243; use_custom_gutter=&#8221;on&#8221; gutter_width=&#8221;2&#8243; make_equal=&#8221;on&#8221; _builder_version=&#8221;4.22.2&#8243; _module_preset=&#8221;default&#8221; hover_enabled=&#8221;0&#8243; global_colors_info=&#8221;{}&#8221; sticky_enabled=&#8221;0&#8243;][et_pb_column type=&#8221;1_3&#8243; _builder_version=&#8221;4.22.2&#8243; _module_preset=&#8221;default&#8221; global_colors_info=&#8221;{}&#8221;][et_pb_blurb title=&#8221;Dise\u00f1o gr\u00e1fico&#8221; image=&#8221;https:\/\/usw.universoftware.com\/wp-content\/uploads\/2023\/10\/diseno-grafico.png&#8221; alt=&#8221;dise\u00f1o grafico y comunicacion visual&#8221; _builder_version=&#8221;4.22.2&#8243; header_font=&#8221;Bahnschrift|600||||on|||&#8221; header_text_align=&#8221;center&#8221; header_text_color=&#8221;#F3F3F3&#8243; header_font_size=&#8221;24px&#8221; header_line_height=&#8221;1.2em&#8221; body_font=&#8221;|||||on|||&#8221; body_font_size=&#8221;16px&#8221; body_line_height=&#8221;1.8em&#8221; background_color=&#8221;RGBA(255,255,255,0)&#8221; use_background_color_gradient=&#8221;on&#8221; background_color_gradient_stops=&#8221;#369584 0%|#153b66 99%&#8221; background_layout=&#8221;dark&#8221; custom_padding=&#8221;40px|30px|40px|30px|true|true&#8221; animation_style=&#8221;fold&#8221; animation=&#8221;off&#8221; hover_enabled=&#8221;0&#8243; border_radii=&#8221;on|15px|15px|15px|15px&#8221; locked=&#8221;off&#8221; global_colors_info=&#8221;{}&#8221; title_text=&#8221;dise\u00f1o-grafico&#8221; sticky_enabled=&#8221;0&#8243; header_text_shadow_style=&#8221;preset1&#8243; custom_css_blurb_title=&#8221;margin-bottom: 25px;&#8221; body_text_color=&#8221;#A1A1A2&#8243;]<\/p>\n<p>Creaci\u00f3n de logotipos<\/p>\n<p>Adaptaci\u00f3n y modernizaci\u00f3n de Logos<\/p>\n<p>Publicidad, maquetaci\u00f3n y presentaci\u00f3n digital<\/p>\n<p>[\/et_pb_blurb][\/et_pb_column][et_pb_column type=&#8221;1_3&#8243; _builder_version=&#8221;4.22.2&#8243; _module_preset=&#8221;default&#8221; global_colors_info=&#8221;{}&#8221;][et_pb_blurb title=&#8221;Gestion redes sociales&#8221; image=&#8221;https:\/\/usw.universoftware.com\/wp-content\/uploads\/2023\/10\/socialmedia.png&#8221; alt=&#8221;community manager y marketing digital&#8221; _builder_version=&#8221;4.22.2&#8243; header_font=&#8221;Bahnschrift|600||||on|||&#8221; header_text_align=&#8221;center&#8221; header_text_color=&#8221;#F3F3F3&#8243; header_font_size=&#8221;24px&#8221; header_line_height=&#8221;1.2em&#8221; body_font=&#8221;Open Sans||||||||&#8221; body_font_size=&#8221;16px&#8221; body_line_height=&#8221;1.8em&#8221; background_color=&#8221;RGBA(255,255,255,0)&#8221; use_background_color_gradient=&#8221;on&#8221; background_color_gradient_stops=&#8221;#96cca7 0%|#216a69 100%&#8221; background_layout=&#8221;dark&#8221; custom_padding=&#8221;40px|30px|40px|30px|true|true&#8221; animation_style=&#8221;fold&#8221; animation=&#8221;off&#8221; hover_enabled=&#8221;0&#8243; border_radii=&#8221;on|15px|15px|15px|15px&#8221; locked=&#8221;off&#8221; global_colors_info=&#8221;{}&#8221; title_text=&#8221;community-manager-y-marketing-digital&#8221; sticky_enabled=&#8221;0&#8243; header_text_shadow_style=&#8221;preset1&#8243; custom_css_blurb_title=&#8221;margin-bottom: 25px;&#8221;]<\/p>\n<p>Lorem ipsum dolor sit amet, consectetur adipiscing elit, sed do eiusmod tempor incididunt ut labore et dolore magna aliqua.<\/p>\n<p>[\/et_pb_blurb][\/et_pb_column][et_pb_column type=&#8221;1_3&#8243; _builder_version=&#8221;4.22.2&#8243; _module_preset=&#8221;default&#8221; global_colors_info=&#8221;{}&#8221;][et_pb_blurb title=&#8221;Digital marketing&#8221; image=&#8221;https:\/\/usw.universoftware.com\/wp-content\/uploads\/2023\/10\/b_intelegence.png&#8221; alt=&#8221;business intelligence y estrategias de integraci\u00f3n&#8221; _builder_version=&#8221;4.22.2&#8243; header_font=&#8221;Bahnschrift|600||||on|||&#8221; header_text_align=&#8221;center&#8221; header_text_color=&#8221;#F3F3F3&#8243; header_font_size=&#8221;24px&#8221; header_line_height=&#8221;1.2em&#8221; body_font=&#8221;Open Sans||||||||&#8221; body_font_size=&#8221;16px&#8221; body_line_height=&#8221;1.8em&#8221; background_color=&#8221;RGBA(255,255,255,0)&#8221; use_background_color_gradient=&#8221;on&#8221; background_color_gradient_stops=&#8221;#c8493a 0%|#a43227 100%&#8221; background_layout=&#8221;dark&#8221; custom_padding=&#8221;40px|30px|40px|30px|true|true&#8221; animation_style=&#8221;fold&#8221; animation=&#8221;off&#8221; hover_enabled=&#8221;0&#8243; border_radii=&#8221;on|15px|15px|15px|15px&#8221; locked=&#8221;off&#8221; global_colors_info=&#8221;{}&#8221; title_text=&#8221;business-intelligence-y-estrategias-de-integraci\u00f3n&#8221; sticky_enabled=&#8221;0&#8243; header_text_shadow_style=&#8221;preset1&#8243; custom_css_blurb_title=&#8221;margin-bottom: 25px;&#8221;]<\/p>\n<p>Lorem ipsum dolor sit amet, consectetur adipiscing elit, sed do eiusmod tempor incididunt ut labore et dolore magna aliqua.<\/p>\n<p>[\/et_pb_blurb][\/et_pb_column][\/et_pb_row][\/et_pb_section]<\/p>\n","protected":false},"excerpt":{"rendered":"<p>Servicios de IT gestionados en los que puede confiar&#8230;Montaje de ordenadores a medida Mantenimiento en general Optimizaci\u00f3n al usuario Recuperaci\u00f3n de datos y\/o BackUpsWeb &amp; Mobile app An\u00e1lisis y estructuraci\u00f3n de app Creaci\u00f3n de base de datos dedicadasCreaci\u00f3n de p\u00e1ginas web responsivas Adaptaci\u00f3n y modernizaci\u00f3n de p\u00e1ginas web Maquetaci\u00f3n y estructuras complejas Publicidad enlazada a [&hellip;]<\/p>\n","protected":false},"author":1,"featured_media":0,"parent":0,"menu_order":0,"comment_status":"closed","ping_status":"closed","template":"","meta":{"_et_pb_use_builder":"on","_et_pb_old_content":"","_et_gb_content_width":"","footnotes":""},"class_list":["post-240102","page","type-page","status-publish","hentry"],"_links":{"self":[{"href":"https:\/\/usw.universoftware.com\/index.php\/wp-json\/wp\/v2\/pages\/240102","targetHints":{"allow":["GET"]}}],"collection":[{"href":"https:\/\/usw.universoftware.com\/index.php\/wp-json\/wp\/v2\/pages"}],"about":[{"href":"https:\/\/usw.universoftware.com\/index.php\/wp-json\/wp\/v2\/types\/page"}],"author":[{"embeddable":true,"href":"https:\/\/usw.universoftware.com\/index.php\/wp-json\/wp\/v2\/users\/1"}],"replies":[{"embeddable":true,"href":"https:\/\/usw.universoftware.com\/index.php\/wp-json\/wp\/v2\/comments?post=240102"}],"version-history":[{"count":0,"href":"https:\/\/usw.universoftware.com\/index.php\/wp-json\/wp\/v2\/pages\/240102\/revisions"}],"wp:attachment":[{"href":"https:\/\/usw.universoftware.com\/index.php\/wp-json\/wp\/v2\/media?parent=240102"}],"curies":[{"name":"wp","href":"https:\/\/api.w.org\/{rel}","templated":true}]}}